{"id":241,"date":"2023-02-02T19:48:52","date_gmt":"2023-02-02T19:48:52","guid":{"rendered":"https:\/\/www.kfo-saenger.de\/?page_id=241"},"modified":"2025-10-16T11:48:23","modified_gmt":"2025-10-16T11:48:23","slug":"leistungen","status":"publish","type":"page","link":"https:\/\/www.kfo-saenger.de\/index.php\/leistungen\/","title":{"rendered":"Leistungen"},"content":{"rendered":"\t\t<div data-elementor-type=\"wp-page\" data-elementor-id=\"241\" class=\"elementor elementor-241\" data-elementor-settings=\"[]\">\n\t\t\t\t\t\t<div class=\"elementor-inner\">\n\t\t\t\t\t\t\t<div class=\"elementor-section-wrap\">\n\t\t\t\t\t\t\t<section class=\"elementor-section elementor-top-section elementor-element elementor-element-cf25288 elementor-section-boxed elementor-section-height-default elementor-section-height-default parallax_section_no qode_elementor_container_no\" data-id=\"cf25288\" data-element_type=\"section\">\n\t\t\t\t\t\t<div class=\"elementor-container elementor-column-gap-default\">\n\t\t\t\t\t\t\t<div class=\"elementor-row\">\n\t\t\t\t\t<div class=\"elementor-column elementor-col-100 elementor-top-column elementor-element elementor-element-4a32864\" data-id=\"4a32864\" data-element_type=\"column\">\n\t\t\t<div class=\"elementor-column-wrap elementor-element-populated\">\n\t\t\t\t\t\t\t<div class=\"elementor-widget-wrap\">\n\t\t\t\t\t\t<div class=\"elementor-element elementor-element-d04df26 elementor-widget elementor-widget-heading\" data-id=\"d04df26\" data-element_type=\"widget\" data-widget_type=\"heading.default\">\n\t\t\t\t<div class=\"elementor-widget-container\">\n\t\t\t<h2 class=\"elementor-heading-title elementor-size-default\">Der erste Termin und Behandlungsbeginn<\/h2>\t\t<\/div>\n\t\t\t\t<\/div>\n\t\t\t\t<div class=\"elementor-element elementor-element-8e99153 elementor-widget elementor-widget-text-editor\" data-id=\"8e99153\" data-element_type=\"widget\" data-widget_type=\"text-editor.default\">\n\t\t\t\t<div class=\"elementor-widget-container\">\n\t\t\t\t\t<div class=\"elementor-text-editor elementor-clearfix\"><p style=\"text-align: center;\">Beim ersten Vorstellungstermin wird nach dem Kennenlernen die Grundlage f\u00fcr eine erfolgreiche kieferorthop\u00e4dische Behandlung gelegt. Der gesamte Kauapparat und die Z\u00e4hne werden untersucht. Sehen wir und Sie einen Behandlungsbedarf, werden diagnostische Behandlungsunterlagen erstellt: Fotos, R\u00f6ntgenbilder und Kieferabformungen (bzw. auf Wunsch intraorale Scans).<\/p><p style=\"text-align: center;\"><br \/>Anschlie\u00dfend erfolgt die Behandlungsplanung, die wir dann in einem ausf\u00fchrlichen Beratungsgespr\u00e4ch mit Ihnen (und ggfs. mit ihrem Kind) besprechen. <\/p><\/div>\n\t\t\t\t<\/div>\n\t\t\t\t<\/div>\n\t\t\t\t<div class=\"elementor-element elementor-element-ba17e7c elementor-widget elementor-widget-heading\" data-id=\"ba17e7c\" data-element_type=\"widget\" data-widget_type=\"heading.default\">\n\t\t\t\t<div class=\"elementor-widget-container\">\n\t\t\t<h2 class=\"elementor-heading-title elementor-size-default\">Leistungsspektrum<\/h2>\t\t<\/div>\n\t\t\t\t<\/div>\n\t\t\t\t\t\t<\/div>\n\t\t\t\t\t<\/div>\n\t\t<\/div>\n\t\t\t\t\t\t\t\t<\/div>\n\t\t\t\t\t<\/div>\n\t\t<\/section>\n\t\t\t\t<section class=\"elementor-section elementor-top-section elementor-element elementor-element-9e68deb elementor-section-boxed elementor-section-height-default elementor-section-height-default parallax_section_no qode_elementor_container_no\" data-id=\"9e68deb\" data-element_type=\"section\">\n\t\t\t\t\t\t<div class=\"elementor-container elementor-column-gap-default\">\n\t\t\t\t\t\t\t<div class=\"elementor-row\">\n\t\t\t\t\t<div class=\"elementor-column elementor-col-33 elementor-top-column elementor-element elementor-element-b95310f\" data-id=\"b95310f\" data-element_type=\"column\">\n\t\t\t<div class=\"elementor-column-wrap elementor-element-populated\">\n\t\t\t\t\t\t\t<div class=\"elementor-widget-wrap\">\n\t\t\t\t\t\t<div class=\"elementor-element elementor-element-71e1792 elementor-widget elementor-widget-bridge_crossfade_images\" data-id=\"71e1792\" data-element_type=\"widget\" data-widget_type=\"bridge_crossfade_images.default\">\n\t\t\t\t<div class=\"elementor-widget-container\">\n\t\t\t<div class=\"qode-crossfade-images\" >\n\t\t\t<a class=\"qode-cfi-link\" href=\"https:\/\/www.kfo-saenger.de\/index.php\/kinder\/\" target=\"_self\"><\/a>\n\t\t<div class=\"qode-cfi-img-holder\" \n\t\t\tstyle=\"\tmax-height:475px;\n\t\t\t\t\tbackground-color: ;\n\t\t\t\">\n\t\t<div class=\"qode-cfi-img-holder-inner\">\n\t\t\t<img src=\"https:\/\/www.kfo-saenger.de\/wp-content\/uploads\/2023\/03\/box-kinder-1.jpg\" alt=\"initial image\" \/>\n\t\t\t<div class=\"qodef-cfi-image-hover qode-lazy-image\" data-image=\"https:\/\/www.kfo-saenger.de\/wp-content\/uploads\/2023\/03\/box-kinder-hover.jpg\" data-lazy='true'><\/div>\n\t\t<\/div>\n\t<\/div>\n\t\t\t<div class=\"qode-cfi-title-holder\">\n\t\t\t<h3 class=\"qode-cfi-title\">Kinder<\/h3>\n\t\t<\/div>\n\t<\/div>\t\t<\/div>\n\t\t\t\t<\/div>\n\t\t\t\t\t\t<\/div>\n\t\t\t\t\t<\/div>\n\t\t<\/div>\n\t\t\t\t<div class=\"elementor-column elementor-col-33 elementor-top-column elementor-element elementor-element-3603c9b\" data-id=\"3603c9b\" data-element_type=\"column\">\n\t\t\t<div class=\"elementor-column-wrap elementor-element-populated\">\n\t\t\t\t\t\t\t<div class=\"elementor-widget-wrap\">\n\t\t\t\t\t\t<div class=\"elementor-element elementor-element-08e5f48 elementor-widget elementor-widget-bridge_crossfade_images\" data-id=\"08e5f48\" data-element_type=\"widget\" data-widget_type=\"bridge_crossfade_images.default\">\n\t\t\t\t<div class=\"elementor-widget-container\">\n\t\t\t<div class=\"qode-crossfade-images\" >\n\t\t\t<a class=\"qode-cfi-link\" href=\"https:\/\/www.kfo-saenger.de\/index.php\/jugendliche\/\" target=\"_self\"><\/a>\n\t\t<div class=\"qode-cfi-img-holder\" \n\t\t\tstyle=\"\tmax-height:475px;\n\t\t\t\t\tbackground-color: #338089;\n\t\t\t\">\n\t\t<div class=\"qode-cfi-img-holder-inner\">\n\t\t\t<img src=\"https:\/\/www.kfo-saenger.de\/wp-content\/uploads\/2023\/03\/box-jugendliche-1.jpg\" alt=\"initial image\" \/>\n\t\t\t<div class=\"qodef-cfi-image-hover qode-lazy-image\" data-image=\"https:\/\/www.kfo-saenger.de\/wp-content\/uploads\/2023\/03\/box-jugendliche-hover.jpg\" data-lazy='true'><\/div>\n\t\t<\/div>\n\t<\/div>\n\t\t\t<div class=\"qode-cfi-title-holder\">\n\t\t\t<h3 class=\"qode-cfi-title\">Jugendliche<\/h3>\n\t\t<\/div>\n\t<\/div>\t\t<\/div>\n\t\t\t\t<\/div>\n\t\t\t\t\t\t<\/div>\n\t\t\t\t\t<\/div>\n\t\t<\/div>\n\t\t\t\t<div class=\"elementor-column elementor-col-33 elementor-top-column elementor-element elementor-element-586db69\" data-id=\"586db69\" data-element_type=\"column\">\n\t\t\t<div class=\"elementor-column-wrap elementor-element-populated\">\n\t\t\t\t\t\t\t<div class=\"elementor-widget-wrap\">\n\t\t\t\t\t\t<div class=\"elementor-element elementor-element-73e9808 elementor-widget elementor-widget-bridge_crossfade_images\" data-id=\"73e9808\" data-element_type=\"widget\" data-widget_type=\"bridge_crossfade_images.default\">\n\t\t\t\t<div class=\"elementor-widget-container\">\n\t\t\t<div class=\"qode-crossfade-images\" >\n\t\t\t<a class=\"qode-cfi-link\" href=\"https:\/\/www.kfo-saenger.de\/index.php\/erwachsene\/\" target=\"_self\"><\/a>\n\t\t<div class=\"qode-cfi-img-holder\" \n\t\t\tstyle=\"\tmax-height:475px;\n\t\t\t\t\tbackground-color: ;\n\t\t\t\">\n\t\t<div class=\"qode-cfi-img-holder-inner\">\n\t\t\t<img src=\"https:\/\/www.kfo-saenger.de\/wp-content\/uploads\/2023\/03\/box-erwachsene-1.jpg\" alt=\"initial image\" \/>\n\t\t\t<div class=\"qodef-cfi-image-hover qode-lazy-image\" data-image=\"https:\/\/www.kfo-saenger.de\/wp-content\/uploads\/2023\/03\/box-erwachsene-hover.jpg\" data-lazy='true'><\/div>\n\t\t<\/div>\n\t<\/div>\n\t\t\t<div class=\"qode-cfi-title-holder\">\n\t\t\t<h3 class=\"qode-cfi-title\">Erwachsene<\/h3>\n\t\t<\/div>\n\t<\/div>\t\t<\/div>\n\t\t\t\t<\/div>\n\t\t\t\t\t\t<\/div>\n\t\t\t\t\t<\/div>\n\t\t<\/div>\n\t\t\t\t\t\t\t\t<\/div>\n\t\t\t\t\t<\/div>\n\t\t<\/section>\n\t\t\t\t<section class=\"elementor-section elementor-top-section elementor-element elementor-element-5da9856 elementor-section-boxed elementor-section-height-default elementor-section-height-default parallax_section_no qode_elementor_container_no\" data-id=\"5da9856\" data-element_type=\"section\">\n\t\t\t\t\t\t<div class=\"elementor-container elementor-column-gap-default\">\n\t\t\t\t\t\t\t<div class=\"elementor-row\">\n\t\t\t\t\t<div class=\"elementor-column elementor-col-100 elementor-top-column elementor-element elementor-element-f6cdc54\" data-id=\"f6cdc54\" data-element_type=\"column\">\n\t\t\t<div class=\"elementor-column-wrap elementor-element-populated\">\n\t\t\t\t\t\t\t<div class=\"elementor-widget-wrap\">\n\t\t\t\t\t\t<div class=\"elementor-element elementor-element-d6b188f elementor-widget elementor-widget-spacer\" data-id=\"d6b188f\" data-element_type=\"widget\" data-widget_type=\"spacer.default\">\n\t\t\t\t<div class=\"elementor-widget-container\">\n\t\t\t\t\t<div class=\"elementor-spacer\">\n\t\t\t<div class=\"elementor-spacer-inner\"><\/div>\n\t\t<\/div>\n\t\t\t\t<\/div>\n\t\t\t\t<\/div>\n\t\t\t\t\t\t<\/div>\n\t\t\t\t\t<\/div>\n\t\t<\/div>\n\t\t\t\t\t\t\t\t<\/div>\n\t\t\t\t\t<\/div>\n\t\t<\/section>\n\t\t\t\t<section class=\"elementor-section elementor-top-section elementor-element elementor-element-3baa172 elementor-section-boxed elementor-section-height-default elementor-section-height-default parallax_section_no qode_elementor_container_no\" data-id=\"3baa172\" data-element_type=\"section\">\n\t\t\t\t\t\t<div class=\"elementor-container elementor-column-gap-default\">\n\t\t\t\t\t\t\t<div class=\"elementor-row\">\n\t\t\t\t\t<div class=\"elementor-column elementor-col-50 elementor-top-column elementor-element elementor-element-be13cb1 animated-fast elementor-invisible\" data-id=\"be13cb1\" data-element_type=\"column\" data-settings=\"{&quot;background_background&quot;:&quot;classic&quot;,&quot;animation&quot;:&quot;zoomIn&quot;}\">\n\t\t\t<div class=\"elementor-column-wrap elementor-element-populated\">\n\t\t\t\t\t\t\t<div class=\"elementor-widget-wrap\">\n\t\t\t\t\t\t<div class=\"elementor-element elementor-element-eeb926d elementor-widget elementor-widget-heading\" data-id=\"eeb926d\" data-element_type=\"widget\" data-widget_type=\"heading.default\">\n\t\t\t\t<div class=\"elementor-widget-container\">\n\t\t\t<h1 class=\"elementor-heading-title elementor-size-default\">Kontakt<\/h1>\t\t<\/div>\n\t\t\t\t<\/div>\n\t\t\t\t<div class=\"elementor-element elementor-element-c582d13 elementor-icon-list--layout-traditional elementor-list-item-link-full_width elementor-widget elementor-widget-icon-list\" data-id=\"c582d13\" data-element_type=\"widget\" data-widget_type=\"icon-list.default\">\n\t\t\t\t<div class=\"elementor-widget-container\">\n\t\t\t\t\t<ul class=\"elementor-icon-list-items\">\n\t\t\t\t\t\t\t<li class=\"elementor-icon-list-item\">\n\t\t\t\t\t\t\t\t\t\t\t<span class=\"elementor-icon-list-icon\">\n\t\t\t\t\t\t\t<i aria-hidden=\"true\" class=\"fas fa-location-arrow\"><\/i>\t\t\t\t\t\t<\/span>\n\t\t\t\t\t\t\t\t\t\t<span class=\"elementor-icon-list-text\"><p>Alter Markt 20<\/p><p>93309 Kelheim<span style=\"color: var( --e-global-color-secondary ); font-family: var( --e-global-typography-text-font-family ), Sans-serif; font-weight: var( --e-global-typography-text-font-weight );\"><\/span><\/p><\/span>\n\t\t\t\t\t\t\t\t\t<\/li>\n\t\t\t\t\t\t\t\t<li class=\"elementor-icon-list-item\">\n\t\t\t\t\t\t\t\t\t\t\t<span class=\"elementor-icon-list-icon\">\n\t\t\t\t\t\t\t<i aria-hidden=\"true\" class=\"fas fa-phone\"><\/i>\t\t\t\t\t\t<\/span>\n\t\t\t\t\t\t\t\t\t\t<span class=\"elementor-icon-list-text\"><span style=\"color: rgb(124, 124, 124); background-color: rgb(241, 241, 241);\">09441 \/ 2089430<\/span><\/span>\n\t\t\t\t\t\t\t\t\t<\/li>\n\t\t\t\t\t\t\t\t<li class=\"elementor-icon-list-item\">\n\t\t\t\t\t\t\t\t\t\t\t<span class=\"elementor-icon-list-icon\">\n\t\t\t\t\t\t\t<i aria-hidden=\"true\" class=\"fas fa-envelope\"><\/i>\t\t\t\t\t\t<\/span>\n\t\t\t\t\t\t\t\t\t\t<span class=\"elementor-icon-list-text\"><span style=\"color: rgb(124, 124, 124); white-space: normal; background-color: rgb(241, 241, 241);\">info@kfo-saenger.de<\/span><\/span>\n\t\t\t\t\t\t\t\t\t<\/li>\n\t\t\t\t\t\t\t\t<li class=\"elementor-icon-list-item\">\n\t\t\t\t\t<a href=\"https:\/\/www.kfo-saenger.de\/index.php\/oeffnungszeiten\/\">\t\t\t\t\t\t<span class=\"elementor-icon-list-icon\">\n\t\t\t\t\t\t\t<i aria-hidden=\"true\" class=\"fas fa-business-time\"><\/i>\t\t\t\t\t\t<\/span>\n\t\t\t\t\t\t\t\t\t\t<span class=\"elementor-icon-list-text\">\u00d6ffnungszeiten<\/span>\n\t\t\t\t\t\t\t\t\t\t\t<\/a>\n\t\t\t\t\t\t\t\t\t<\/li>\n\t\t\t\t\t\t<\/ul>\n\t\t\t\t<\/div>\n\t\t\t\t<\/div>\n\t\t\t\t<div class=\"elementor-element elementor-element-587ef1e elementor-widget elementor-widget-text-editor\" data-id=\"587ef1e\" data-element_type=\"widget\" data-widget_type=\"text-editor.default\">\n\t\t\t\t<div class=\"elementor-widget-container\">\n\t\t\t\t\t<div class=\"elementor-text-editor elementor-clearfix\"><p style=\"text-align: left;\"><div class=\"drflex-button-wrapper\">\n        <a href=\"javascript:toggleDrFlexAppointments()\">\n            <div class=\"drflex-button custom-css-button\"\n                style=\"border-radius: 10.0px;\n                    background-color: #428199;\n                    color: #fff;\n                    padding: 10.0px;\">\n                    Termin online buchen!\n            <\/div>\n        <\/a>\n    <\/div><\/div>\n\t\t\t\t<\/div>\n\t\t\t\t<\/div>\n\t\t\t\t\t\t<\/div>\n\t\t\t\t\t<\/div>\n\t\t<\/div>\n\t\t\t\t<div class=\"elementor-column elementor-col-50 elementor-top-column elementor-element elementor-element-c30a75b\" data-id=\"c30a75b\" data-element_type=\"column\">\n\t\t\t<div class=\"elementor-column-wrap elementor-element-populated\">\n\t\t\t\t\t\t\t<div class=\"elementor-widget-wrap\">\n\t\t\t\t\t\t<div class=\"elementor-element elementor-element-1458bb1 elementor-widget elementor-widget-google_maps\" data-id=\"1458bb1\" data-element_type=\"widget\" data-widget_type=\"google_maps.default\">\n\t\t\t\t<div class=\"elementor-widget-container\">\n\t\t\t<div class=\"elementor-custom-embed\"><iframe frameborder=\"0\" scrolling=\"no\" marginheight=\"0\" marginwidth=\"0\" src=\"https:\/\/maps.google.com\/maps?q=alter%20markt%2020%2C%2093309%20Kelheim&amp;t=m&amp;z=14&amp;output=embed&amp;iwloc=near\" title=\"alter markt 20, 93309 Kelheim\" aria-label=\"alter markt 20, 93309 Kelheim\"><\/iframe><\/div>\t\t<\/div>\n\t\t\t\t<\/div>\n\t\t\t\t\t\t<\/div>\n\t\t\t\t\t<\/div>\n\t\t<\/div>\n\t\t\t\t\t\t\t\t<\/div>\n\t\t\t\t\t<\/div>\n\t\t<\/section>\n\t\t\t\t<section class=\"elementor-section elementor-top-section elementor-element elementor-element-737feda elementor-section-boxed elementor-section-height-default elementor-section-height-default parallax_section_no qode_elementor_container_no\" data-id=\"737feda\" data-element_type=\"section\">\n\t\t\t\t\t\t<div class=\"elementor-container elementor-column-gap-default\">\n\t\t\t\t\t\t\t<div class=\"elementor-row\">\n\t\t\t\t\t<div class=\"elementor-column elementor-col-100 elementor-top-column elementor-element elementor-element-6c81118\" data-id=\"6c81118\" data-element_type=\"column\">\n\t\t\t<div class=\"elementor-column-wrap\">\n\t\t\t\t\t\t\t<div class=\"elementor-widget-wrap\">\n\t\t\t\t\t\t\t\t<\/div>\n\t\t\t\t\t<\/div>\n\t\t<\/div>\n\t\t\t\t\t\t\t\t<\/div>\n\t\t\t\t\t<\/div>\n\t\t<\/section>\n\t\t\t\t\t\t<\/div>\n\t\t\t\t\t\t<\/div>\n\t\t\t\t\t<\/div>\n\t\t","protected":false},"excerpt":{"rendered":"<p>Der erste Termin und Behandlungsbeginn Beim ersten Vorstellungstermin wird nach dem Kennenlernen die Grundlage f\u00fcr eine erfolgreiche kieferorthop\u00e4dische Behandlung gelegt. Der gesamte Kauapparat und die Z\u00e4hne werden untersucht. Sehen wir und Sie einen Behandlungsbedarf, werden diagnostische Behandlungsunterlagen erstellt: Fotos, R\u00f6ntgenbilder und Kieferabformungen (bzw. auf Wunsch&#8230;<\/p>\n","protected":false},"author":1,"featured_media":0,"parent":0,"menu_order":0,"comment_status":"closed","ping_status":"closed","template":"full_width.php","meta":[],"_links":{"self":[{"href":"https:\/\/www.kfo-saenger.de\/index.php\/wp-json\/wp\/v2\/pages\/241"}],"collection":[{"href":"https:\/\/www.kfo-saenger.de\/index.php\/wp-json\/wp\/v2\/pages"}],"about":[{"href":"https:\/\/www.kfo-saenger.de\/index.php\/wp-json\/wp\/v2\/types\/page"}],"author":[{"embeddable":true,"href":"https:\/\/www.kfo-saenger.de\/index.php\/wp-json\/wp\/v2\/users\/1"}],"replies":[{"embeddable":true,"href":"https:\/\/www.kfo-saenger.de\/index.php\/wp-json\/wp\/v2\/comments?post=241"}],"version-history":[{"count":52,"href":"https:\/\/www.kfo-saenger.de\/index.php\/wp-json\/wp\/v2\/pages\/241\/revisions"}],"predecessor-version":[{"id":747,"href":"https:\/\/www.kfo-saenger.de\/index.php\/wp-json\/wp\/v2\/pages\/241\/revisions\/747"}],"wp:attachment":[{"href":"https:\/\/www.kfo-saenger.de\/index.php\/wp-json\/wp\/v2\/media?parent=241"}],"curies":[{"name":"wp","href":"https:\/\/api.w.org\/{rel}","templated":true}]}}