{"id":171,"date":"2020-08-14T10:04:03","date_gmt":"2020-08-14T10:04:03","guid":{"rendered":"https:\/\/bridge393.qodeinteractive.com\/?page_id=7"},"modified":"2026-04-13T11:21:21","modified_gmt":"2026-04-13T11:21:21","slug":"home","status":"publish","type":"page","link":"https:\/\/www.kfo-saenger.de\/","title":{"rendered":"Home"},"content":{"rendered":"\t\t<div data-elementor-type=\"wp-page\" data-elementor-id=\"171\" class=\"elementor elementor-171\" data-elementor-settings=\"[]\">\n\t\t\t\t\t\t<div class=\"elementor-inner\">\n\t\t\t\t\t\t\t<div class=\"elementor-section-wrap\">\n\t\t\t\t\t\t\t<header class=\"elementor-section elementor-top-section elementor-element elementor-element-5c2aa9b elementor-section-full_width elementor-section-height-default elementor-section-height-default parallax_section_no qode_elementor_container_no\" data-id=\"5c2aa9b\" data-element_type=\"section\">\n\t\t\t\t\t\t<div class=\"elementor-container elementor-column-gap-no\">\n\t\t\t\t\t\t\t<div class=\"elementor-row\">\n\t\t\t\t\t<header class=\"elementor-column elementor-col-100 elementor-top-column elementor-element elementor-element-9d380e5\" data-id=\"9d380e5\" data-element_type=\"column\">\n\t\t\t<div class=\"elementor-column-wrap elementor-element-populated\">\n\t\t\t\t\t\t\t<div class=\"elementor-widget-wrap\">\n\t\t\t\t\t\t<div class=\"elementor-element elementor-element-e7d247a elementor-widget elementor-widget-image\" data-id=\"e7d247a\" data-element_type=\"widget\" data-widget_type=\"image.default\">\n\t\t\t\t<div class=\"elementor-widget-container\">\n\t\t\t\t\t<div class=\"elementor-image\">\n\t\t\t\t\t\t\t\t\t\t<img width=\"1536\" height=\"1024\" src=\"https:\/\/www.kfo-saenger.de\/wp-content\/uploads\/2025\/10\/4U6A9236-1536x1024.jpg\" class=\"attachment-1536x1536 size-1536x1536\" alt=\"\" loading=\"lazy\" srcset=\"https:\/\/www.kfo-saenger.de\/wp-content\/uploads\/2025\/10\/4U6A9236-1536x1024.jpg 1536w, https:\/\/www.kfo-saenger.de\/wp-content\/uploads\/2025\/10\/4U6A9236-300x200.jpg 300w, https:\/\/www.kfo-saenger.de\/wp-content\/uploads\/2025\/10\/4U6A9236-1024x683.jpg 1024w, https:\/\/www.kfo-saenger.de\/wp-content\/uploads\/2025\/10\/4U6A9236-768x512.jpg 768w, https:\/\/www.kfo-saenger.de\/wp-content\/uploads\/2025\/10\/4U6A9236-2048x1365.jpg 2048w, https:\/\/www.kfo-saenger.de\/wp-content\/uploads\/2025\/10\/4U6A9236-700x467.jpg 700w\" sizes=\"(max-width: 1536px) 100vw, 1536px\" \/>\t\t\t\t\t\t\t\t\t\t\t<\/div>\n\t\t\t\t<\/div>\n\t\t\t\t<\/div>\n\t\t\t\t\t\t<\/div>\n\t\t\t\t\t<\/div>\n\t\t<\/header>\n\t\t\t\t\t\t\t\t<\/div>\n\t\t\t\t\t<\/div>\n\t\t<\/header>\n\t\t\t\t<section class=\"elementor-section elementor-top-section elementor-element elementor-element-b8dc4c8 elementor-section-boxed elementor-section-height-default elementor-section-height-default parallax_section_no qode_elementor_container_no\" data-id=\"b8dc4c8\" data-element_type=\"section\">\n\t\t\t\t\t\t<div class=\"elementor-container elementor-column-gap-default\">\n\t\t\t\t\t\t\t<div class=\"elementor-row\">\n\t\t\t\t\t<div class=\"elementor-column elementor-col-100 elementor-top-column elementor-element elementor-element-a983355\" data-id=\"a983355\" data-element_type=\"column\">\n\t\t\t<div class=\"elementor-column-wrap elementor-element-populated\">\n\t\t\t\t\t\t\t<div class=\"elementor-widget-wrap\">\n\t\t\t\t\t\t<div class=\"elementor-element elementor-element-662c50e elementor-widget elementor-widget-text-editor\" data-id=\"662c50e\" data-element_type=\"widget\" data-widget_type=\"text-editor.default\">\n\t\t\t\t<div class=\"elementor-widget-container\">\n\t\t\t\t\t<div class=\"elementor-text-editor elementor-clearfix\"><p style=\"text-align: center;\">Sehr geehrte Damen und Herren, liebe Patientinnen und Patienten,<\/p><p style=\"text-align: center;\">es ist mir eine gro\u00dfe Freude, dass seit 01.03.2026 Herr Dr. Paul Sava, Fachzahnarzt f\u00fcr Kieferorthop\u00e4die, unsere Praxis verst\u00e4rkt. Langfristig haben wir dadurch deutlich mehr Kapazit\u00e4t und k\u00f6nnen mehr Termine mit k\u00fcrzerer Wartezeit anbieten. Ich freue mich sehr, dass Herr Dr. Sava mit einer breiten medizinischen Expertise auf dem Gebiet der gesamten Kieferorthop\u00e4die nun in unserer Praxis ist.<\/p><p style=\"text-align: center;\">Ihre Julia S\u00e4nger<\/p><\/div>\n\t\t\t\t<\/div>\n\t\t\t\t<\/div>\n\t\t\t\t\t\t<\/div>\n\t\t\t\t\t<\/div>\n\t\t<\/div>\n\t\t\t\t\t\t\t\t<\/div>\n\t\t\t\t\t<\/div>\n\t\t<\/section>\n\t\t\t\t<section class=\"elementor-section elementor-top-section elementor-element elementor-element-cf0a3b7 elementor-section-boxed elementor-section-height-default elementor-section-height-default parallax_section_no qode_elementor_container_no\" data-id=\"cf0a3b7\" data-element_type=\"section\">\n\t\t\t\t\t\t<div class=\"elementor-container elementor-column-gap-default\">\n\t\t\t\t\t\t\t<div class=\"elementor-row\">\n\t\t\t\t\t<div class=\"elementor-column elementor-col-100 elementor-top-column elementor-element elementor-element-a9d2916\" data-id=\"a9d2916\" data-element_type=\"column\">\n\t\t\t<div class=\"elementor-column-wrap elementor-element-populated\">\n\t\t\t\t\t\t\t<div class=\"elementor-widget-wrap\">\n\t\t\t\t\t\t<div class=\"elementor-element elementor-element-3b22707 elementor-widget elementor-widget-heading\" data-id=\"3b22707\" data-element_type=\"widget\" data-widget_type=\"heading.default\">\n\t\t\t\t<div class=\"elementor-widget-container\">\n\t\t\t<h2 class=\"elementor-heading-title elementor-size-default\">Herzlich Willkommen<\/h2>\t\t<\/div>\n\t\t\t\t<\/div>\n\t\t\t\t\t\t<\/div>\n\t\t\t\t\t<\/div>\n\t\t<\/div>\n\t\t\t\t\t\t\t\t<\/div>\n\t\t\t\t\t<\/div>\n\t\t<\/section>\n\t\t\t\t<section class=\"elementor-section elementor-top-section elementor-element elementor-element-38b6ed9 elementor-section-boxed elementor-section-height-default elementor-section-height-default parallax_section_no qode_elementor_container_no\" data-id=\"38b6ed9\" data-element_type=\"section\">\n\t\t\t\t\t\t<div class=\"elementor-container elementor-column-gap-default\">\n\t\t\t\t\t\t\t<div class=\"elementor-row\">\n\t\t\t\t\t<div class=\"elementor-column elementor-col-66 elementor-top-column elementor-element elementor-element-4469378\" data-id=\"4469378\" data-element_type=\"column\">\n\t\t\t<div class=\"elementor-column-wrap elementor-element-populated\">\n\t\t\t\t\t\t\t<div class=\"elementor-widget-wrap\">\n\t\t\t\t\t\t<div class=\"elementor-element elementor-element-7a7ddc1 elementor-widget elementor-widget-text-editor\" data-id=\"7a7ddc1\" data-element_type=\"widget\" data-widget_type=\"text-editor.default\">\n\t\t\t\t<div class=\"elementor-widget-container\">\n\t\t\t\t\t<div class=\"elementor-text-editor elementor-clearfix\"><p>Wir hei\u00dfen Sie herzlich Willkommen auf der Webseite Ihrer Fachzahnarztpraxis f\u00fcr Kieferorthop\u00e4die in Kelheim von Dr. med. dent. Julia S\u00e4nger.<\/p><p><br><\/p>\n<p><\/p>\n<p>In unseren freundlichen R\u00e4umlichkeiten versorgen wir Sie oder Ihr Kind mit dem gesamten Spektrum der modernen Kieferorthop\u00e4die &#8211; von jung bis alt. Dabei stehen Sie oder Ihr Kind w\u00e4hrend der gesamten Behandlung im Mittelpunkt.<\/p><p><br><\/p>\n<p><\/p>\n<p>Unser Ziel ist die bestm\u00f6gliche Versorgung unserer Patient*innen unter Beachtung der individuellen Bed\u00fcrfnisse und W\u00fcnsche.<\/p>\n<p><\/p>\n<p>Wir freuen uns darauf, Sie oder Ihr Kind kennen zu lernen.<\/p><p><br><\/p>\n<p><\/p>\n<p>Ihre Dr. med. dent. Julia S\u00e4nger mit Praxisteam<\/p><\/div>\n\t\t\t\t<\/div>\n\t\t\t\t<\/div>\n\t\t\t\t\t\t<\/div>\n\t\t\t\t\t<\/div>\n\t\t<\/div>\n\t\t\t\t<div class=\"elementor-column elementor-col-33 elementor-top-column elementor-element elementor-element-e499253\" data-id=\"e499253\" data-element_type=\"column\">\n\t\t\t<div class=\"elementor-column-wrap elementor-element-populated\">\n\t\t\t\t\t\t\t<div class=\"elementor-widget-wrap\">\n\t\t\t\t\t\t<div class=\"elementor-element elementor-element-ddb8ea6 elementor-widget elementor-widget-image\" data-id=\"ddb8ea6\" data-element_type=\"widget\" data-widget_type=\"image.default\">\n\t\t\t\t<div class=\"elementor-widget-container\">\n\t\t\t\t\t<div class=\"elementor-image\">\n\t\t\t\t\t\t\t\t\t\t<img width=\"768\" height=\"1152\" src=\"https:\/\/www.kfo-saenger.de\/wp-content\/uploads\/2025\/10\/4U6A9090-768x1152.jpg\" class=\"attachment-medium_large size-medium_large\" alt=\"\" loading=\"lazy\" srcset=\"https:\/\/www.kfo-saenger.de\/wp-content\/uploads\/2025\/10\/4U6A9090-768x1152.jpg 768w, https:\/\/www.kfo-saenger.de\/wp-content\/uploads\/2025\/10\/4U6A9090-200x300.jpg 200w, https:\/\/www.kfo-saenger.de\/wp-content\/uploads\/2025\/10\/4U6A9090-683x1024.jpg 683w, https:\/\/www.kfo-saenger.de\/wp-content\/uploads\/2025\/10\/4U6A9090-1024x1536.jpg 1024w, https:\/\/www.kfo-saenger.de\/wp-content\/uploads\/2025\/10\/4U6A9090-1365x2048.jpg 1365w, https:\/\/www.kfo-saenger.de\/wp-content\/uploads\/2025\/10\/4U6A9090-700x1050.jpg 700w, https:\/\/www.kfo-saenger.de\/wp-content\/uploads\/2025\/10\/4U6A9090-scaled.jpg 1706w\" sizes=\"(max-width: 768px) 100vw, 768px\" \/>\t\t\t\t\t\t\t\t\t\t\t<\/div>\n\t\t\t\t<\/div>\n\t\t\t\t<\/div>\n\t\t\t\t\t\t<\/div>\n\t\t\t\t\t<\/div>\n\t\t<\/div>\n\t\t\t\t\t\t\t\t<\/div>\n\t\t\t\t\t<\/div>\n\t\t<\/section>\n\t\t\t\t<section class=\"elementor-section elementor-top-section elementor-element elementor-element-18f3704 elementor-section-boxed elementor-section-height-default elementor-section-height-default parallax_section_no qode_elementor_container_no\" data-id=\"18f3704\" data-element_type=\"section\">\n\t\t\t\t\t\t<div class=\"elementor-container elementor-column-gap-default\">\n\t\t\t\t\t\t\t<div class=\"elementor-row\">\n\t\t\t\t\t<div class=\"elementor-column elementor-col-50 elementor-top-column elementor-element elementor-element-9f061a3 animated-fast elementor-invisible\" data-id=\"9f061a3\" data-element_type=\"column\" data-settings=\"{&quot;background_background&quot;:&quot;classic&quot;,&quot;animation&quot;:&quot;zoomIn&quot;}\">\n\t\t\t<div class=\"elementor-column-wrap elementor-element-populated\">\n\t\t\t\t\t\t\t<div class=\"elementor-widget-wrap\">\n\t\t\t\t\t\t<div class=\"elementor-element elementor-element-9536022 elementor-widget elementor-widget-heading\" data-id=\"9536022\" data-element_type=\"widget\" data-widget_type=\"heading.default\">\n\t\t\t\t<div class=\"elementor-widget-container\">\n\t\t\t<h1 class=\"elementor-heading-title elementor-size-default\">Kontakt<\/h1>\t\t<\/div>\n\t\t\t\t<\/div>\n\t\t\t\t<div class=\"elementor-element elementor-element-0be1100 elementor-icon-list--layout-traditional elementor-list-item-link-full_width elementor-widget elementor-widget-icon-list\" data-id=\"0be1100\" data-element_type=\"widget\" data-widget_type=\"icon-list.default\">\n\t\t\t\t<div class=\"elementor-widget-container\">\n\t\t\t\t\t<ul class=\"elementor-icon-list-items\">\n\t\t\t\t\t\t\t<li class=\"elementor-icon-list-item\">\n\t\t\t\t\t\t\t\t\t\t\t<span class=\"elementor-icon-list-icon\">\n\t\t\t\t\t\t\t<i aria-hidden=\"true\" class=\"fas fa-location-arrow\"><\/i>\t\t\t\t\t\t<\/span>\n\t\t\t\t\t\t\t\t\t\t<span class=\"elementor-icon-list-text\"><p>Alter Markt 20<\/p><p>93309 Kelheim<span style=\"color: var( --e-global-color-secondary ); font-family: var( --e-global-typography-text-font-family ), Sans-serif; font-weight: var( --e-global-typography-text-font-weight );\"><\/span><\/p><\/span>\n\t\t\t\t\t\t\t\t\t<\/li>\n\t\t\t\t\t\t\t\t<li class=\"elementor-icon-list-item\">\n\t\t\t\t\t\t\t\t\t\t\t<span class=\"elementor-icon-list-icon\">\n\t\t\t\t\t\t\t<i aria-hidden=\"true\" class=\"fas fa-phone\"><\/i>\t\t\t\t\t\t<\/span>\n\t\t\t\t\t\t\t\t\t\t<span class=\"elementor-icon-list-text\"><span style=\"color: rgb(124, 124, 124); background-color: rgb(241, 241, 241);\">09441 \/ 2089430<\/span><\/span>\n\t\t\t\t\t\t\t\t\t<\/li>\n\t\t\t\t\t\t\t\t<li class=\"elementor-icon-list-item\">\n\t\t\t\t\t\t\t\t\t\t\t<span class=\"elementor-icon-list-icon\">\n\t\t\t\t\t\t\t<i aria-hidden=\"true\" class=\"fas fa-envelope\"><\/i>\t\t\t\t\t\t<\/span>\n\t\t\t\t\t\t\t\t\t\t<span class=\"elementor-icon-list-text\"><span style=\"color: rgb(124, 124, 124); white-space: normal; background-color: rgb(241, 241, 241);\">info@kfo-saenger.de<\/span><\/span>\n\t\t\t\t\t\t\t\t\t<\/li>\n\t\t\t\t\t\t\t\t<li class=\"elementor-icon-list-item\">\n\t\t\t\t\t<a href=\"https:\/\/www.kfo-saenger.de\/index.php\/oeffnungszeiten\/\">\t\t\t\t\t\t<span class=\"elementor-icon-list-icon\">\n\t\t\t\t\t\t\t<i aria-hidden=\"true\" class=\"fas fa-business-time\"><\/i>\t\t\t\t\t\t<\/span>\n\t\t\t\t\t\t\t\t\t\t<span class=\"elementor-icon-list-text\">\u00d6ffnungszeiten<\/span>\n\t\t\t\t\t\t\t\t\t\t\t<\/a>\n\t\t\t\t\t\t\t\t\t<\/li>\n\t\t\t\t\t\t<\/ul>\n\t\t\t\t<\/div>\n\t\t\t\t<\/div>\n\t\t\t\t<div class=\"elementor-element elementor-element-c3912e9 elementor-widget elementor-widget-text-editor\" data-id=\"c3912e9\" data-element_type=\"widget\" data-widget_type=\"text-editor.default\">\n\t\t\t\t<div class=\"elementor-widget-container\">\n\t\t\t\t\t<div class=\"elementor-text-editor elementor-clearfix\"><p style=\"text-align: left;\"><div class=\"drflex-button-wrapper\">\n        <a href=\"javascript:toggleDrFlexAppointments()\">\n            <div class=\"drflex-button custom-css-button\"\n                style=\"border-radius: 10.0px;\n                    background-color: #428199;\n                    color: #fff;\n                    padding: 10.0px;\">\n                    Termin online buchen!\n            <\/div>\n        <\/a>\n    <\/div><\/div>\n\t\t\t\t<\/div>\n\t\t\t\t<\/div>\n\t\t\t\t<div class=\"elementor-element elementor-element-81abba7 elementor-widget__width-initial elementor-widget elementor-widget-bridge_social_icons\" data-id=\"81abba7\" data-element_type=\"widget\" data-widget_type=\"bridge_social_icons.default\">\n\t\t\t\t<div class=\"elementor-widget-container\">\n\t\t\t<span class='q_social_icon_holder circle_social' ><a itemprop='url' href='https:\/\/www.facebook.com\/kfosaenger' target='_blank'><span class='fa-stack fa-2x' style=''><i class=\"qode_icon_font_awesome fa fa-facebook \" style=\"\" ><\/i><\/span><\/a><\/span>\t\t<\/div>\n\t\t\t\t<\/div>\n\t\t\t\t<div class=\"elementor-element elementor-element-6457558 elementor-widget__width-initial elementor-widget elementor-widget-bridge_social_icons\" data-id=\"6457558\" data-element_type=\"widget\" data-widget_type=\"bridge_social_icons.default\">\n\t\t\t\t<div class=\"elementor-widget-container\">\n\t\t\t<span class='q_social_icon_holder circle_social' ><a itemprop='url' href='http:\/\/instagram.com\/kfosaenger' target='_blank'><span class='fa-stack fa-2x' style=''><i class=\"qode_icon_font_awesome fa fa-instagram \" style=\"\" ><\/i><\/span><\/a><\/span>\t\t<\/div>\n\t\t\t\t<\/div>\n\t\t\t\t\t\t<\/div>\n\t\t\t\t\t<\/div>\n\t\t<\/div>\n\t\t\t\t<div class=\"elementor-column elementor-col-50 elementor-top-column elementor-element elementor-element-e7e4347\" data-id=\"e7e4347\" data-element_type=\"column\">\n\t\t\t<div class=\"elementor-column-wrap elementor-element-populated\">\n\t\t\t\t\t\t\t<div class=\"elementor-widget-wrap\">\n\t\t\t\t\t\t<div class=\"elementor-element elementor-element-5797eae elementor-widget elementor-widget-google_maps\" data-id=\"5797eae\" data-element_type=\"widget\" data-widget_type=\"google_maps.default\">\n\t\t\t\t<div class=\"elementor-widget-container\">\n\t\t\t<div class=\"elementor-custom-embed\"><iframe frameborder=\"0\" scrolling=\"no\" marginheight=\"0\" marginwidth=\"0\" src=\"https:\/\/maps.google.com\/maps?q=alter%20markt%2020%2C%2093309%20Kelheim&amp;t=m&amp;z=14&amp;output=embed&amp;iwloc=near\" title=\"alter markt 20, 93309 Kelheim\" aria-label=\"alter markt 20, 93309 Kelheim\"><\/iframe><\/div>\t\t<\/div>\n\t\t\t\t<\/div>\n\t\t\t\t\t\t<\/div>\n\t\t\t\t\t<\/div>\n\t\t<\/div>\n\t\t\t\t\t\t\t\t<\/div>\n\t\t\t\t\t<\/div>\n\t\t<\/section>\n\t\t\t\t<section class=\"elementor-section elementor-top-section elementor-element elementor-element-25c05b8 elementor-section-boxed elementor-section-height-default elementor-section-height-default parallax_section_no qode_elementor_container_no\" data-id=\"25c05b8\" data-element_type=\"section\">\n\t\t\t\t\t\t<div class=\"elementor-container elementor-column-gap-default\">\n\t\t\t\t\t\t\t<div class=\"elementor-row\">\n\t\t\t\t\t<div class=\"elementor-column elementor-col-100 elementor-top-column elementor-element elementor-element-d9b2653\" data-id=\"d9b2653\" data-element_type=\"column\">\n\t\t\t<div class=\"elementor-column-wrap elementor-element-populated\">\n\t\t\t\t\t\t\t<div class=\"elementor-widget-wrap\">\n\t\t\t\t\t\t<div class=\"elementor-element elementor-element-003a176 elementor-widget elementor-widget-spacer\" data-id=\"003a176\" data-element_type=\"widget\" data-widget_type=\"spacer.default\">\n\t\t\t\t<div class=\"elementor-widget-container\">\n\t\t\t\t\t<div class=\"elementor-spacer\">\n\t\t\t<div class=\"elementor-spacer-inner\"><\/div>\n\t\t<\/div>\n\t\t\t\t<\/div>\n\t\t\t\t<\/div>\n\t\t\t\t\t\t<\/div>\n\t\t\t\t\t<\/div>\n\t\t<\/div>\n\t\t\t\t\t\t\t\t<\/div>\n\t\t\t\t\t<\/div>\n\t\t<\/section>\n\t\t\t\t\t\t<\/div>\n\t\t\t\t\t\t<\/div>\n\t\t\t\t\t<\/div>\n\t\t","protected":false},"excerpt":{"rendered":"<p>Sehr geehrte Damen und Herren, liebe Patientinnen und Patienten, es ist mir eine gro\u00dfe Freude, dass seit 01.03.2026 Herr Dr. Paul Sava, Fachzahnarzt f\u00fcr Kieferorthop\u00e4die, unsere Praxis verst\u00e4rkt. Langfristig haben wir dadurch deutlich mehr Kapazit\u00e4t und k\u00f6nnen mehr Termine mit k\u00fcrzerer Wartezeit anbieten. Ich freue&#8230;<\/p>\n","protected":false},"author":1,"featured_media":0,"parent":0,"menu_order":0,"comment_status":"closed","ping_status":"closed","template":"full_width.php","meta":[],"_links":{"self":[{"href":"https:\/\/www.kfo-saenger.de\/index.php\/wp-json\/wp\/v2\/pages\/171"}],"collection":[{"href":"https:\/\/www.kfo-saenger.de\/index.php\/wp-json\/wp\/v2\/pages"}],"about":[{"href":"https:\/\/www.kfo-saenger.de\/index.php\/wp-json\/wp\/v2\/types\/page"}],"author":[{"embeddable":true,"href":"https:\/\/www.kfo-saenger.de\/index.php\/wp-json\/wp\/v2\/users\/1"}],"replies":[{"embeddable":true,"href":"https:\/\/www.kfo-saenger.de\/index.php\/wp-json\/wp\/v2\/comments?post=171"}],"version-history":[{"count":85,"href":"https:\/\/www.kfo-saenger.de\/index.php\/wp-json\/wp\/v2\/pages\/171\/revisions"}],"predecessor-version":[{"id":770,"href":"https:\/\/www.kfo-saenger.de\/index.php\/wp-json\/wp\/v2\/pages\/171\/revisions\/770"}],"wp:attachment":[{"href":"https:\/\/www.kfo-saenger.de\/index.php\/wp-json\/wp\/v2\/media?parent=171"}],"curies":[{"name":"wp","href":"https:\/\/api.w.org\/{rel}","templated":true}]}}